{"id":1038,"date":"2025-10-15T11:41:56","date_gmt":"2025-10-15T03:41:56","guid":{"rendered":"https:\/\/china-3pl.com\/?page_id=1038"},"modified":"2025-10-15T11:55:46","modified_gmt":"2025-10-15T03:55:46","slug":"biscuits","status":"publish","type":"page","link":"https:\/\/china-3pl.com\/fr\/biscuits\/","title":{"rendered":"Cookies"},"content":{"rendered":"<p>Cookies<br>Veuillez lire nos conditions g\u00e9n\u00e9rales et la pr\u00e9sente politique avant d'acc\u00e9der \u00e0 nos services ou de les utiliser. Si vous n'\u00eates pas d'accord avec la pr\u00e9sente politique ou les conditions g\u00e9n\u00e9rales, veuillez ne pas acc\u00e9der \u00e0 nos services ni les utiliser. Si vous \u00eates situ\u00e9 dans une juridiction en dehors de l'Espace \u00e9conomique europ\u00e9en, en utilisant nos services, vous acceptez les conditions g\u00e9n\u00e9rales et nos pratiques en mati\u00e8re de protection de la vie priv\u00e9e d\u00e9crites dans la pr\u00e9sente politique.<br>Nous pouvons modifier la pr\u00e9sente politique \u00e0 tout moment, sans pr\u00e9avis, et les changements peuvent s'appliquer \u00e0 toute information personnelle que nous d\u00e9tenons d\u00e9j\u00e0 \u00e0 votre sujet, ainsi qu'\u00e0 toute nouvelle information personnelle collect\u00e9e apr\u00e8s la modification de la politique. Si nous apportons des modifications, nous vous en informerons en r\u00e9visant la date figurant en t\u00eate de la pr\u00e9sente politique. Nous vous informerons \u00e0 l'avance de tout changement important dans la mani\u00e8re dont nous collectons, utilisons ou divulguons vos informations personnelles, qui aurait une incidence sur vos droits en vertu de la pr\u00e9sente politique. Si vous \u00eates situ\u00e9 dans une juridiction autre que l'Espace \u00e9conomique europ\u00e9en, le Royaume-Uni ou la Suisse (collectivement les \"pays europ\u00e9ens\"), le fait de continuer \u00e0 acc\u00e9der \u00e0 nos services ou \u00e0 les utiliser apr\u00e8s avoir re\u00e7u l'avis de modification constitue votre reconnaissance de l'acceptation de la politique mise \u00e0 jour. En outre, nous pouvons vous fournir des divulgations en temps r\u00e9el ou des informations suppl\u00e9mentaires sur les pratiques de traitement des informations personnelles de certaines parties de nos services. Ces avis peuvent compl\u00e9ter la pr\u00e9sente politique ou vous offrir des choix suppl\u00e9mentaires sur la mani\u00e8re dont nous traitons vos informations personnelles.<\/p>\n\n\n\n<p>Cookies<\/p>\n\n\n\n<p>Les cookies sont de petits fichiers texte stock\u00e9s sur votre appareil lorsque vous acc\u00e9dez \u00e0 la plupart des sites web sur l'internet ou que vous ouvrez certains courriels. Les cookies permettent notamment \u00e0 un site web de reconna\u00eetre votre appareil et de se souvenir si vous avez d\u00e9j\u00e0 visit\u00e9 le site web. Les informations collect\u00e9es par les cookies comprennent par exemple votre type de navigateur et l'adresse du site Web \u00e0 partir duquel vous \u00eates arriv\u00e9 sur notre site, ainsi que l'adresse IP et le parcours de navigation (c'est-\u00e0-dire les pages que vous consultez et les liens sur lesquels vous cliquez).Nous utilisons le terme \"cookie\" pour d\u00e9signer les cookies et les technologies qui remplissent une fonction similaire \u00e0 celle des cookies (par exemple, les balises, les pixels, les pixels invisibles, etc.) Les cookies peuvent \u00eatre lus par le site web d'origine lors de chaque visite ult\u00e9rieure et par tout autre site web qui reconna\u00eet le cookie. Le site web utilise des cookies afin de faciliter son utilisation, d'am\u00e9liorer l'exp\u00e9rience de l'utilisateur, y compris la fourniture d'informations et de fonctionnalit\u00e9s, et de nous fournir des informations sur la mani\u00e8re dont le site web est utilis\u00e9 afin que nous puissions nous assurer qu'il est aussi \u00e0 jour, pertinent et exempt d'erreurs que possible. Cookies sur le site web Nous utilisons des cookies pour personnaliser votre exp\u00e9rience lorsque vous visitez le site, identifier votre ordinateur \u00e0 des fins de s\u00e9curit\u00e9 et nous permettre, ainsi qu'\u00e0 nos fournisseurs de services tiers, de diffuser des publicit\u00e9s en notre nom sur l'internet.<\/p>\n\n\n\n<p>Nous classons les cookies dans les cat\u00e9gories suivantes :<br>\u25cf Cookies strictement n\u00e9cessaires<br>\u25cf Cookies de performance<br>\u25cf Cookies fonctionnels<br>\u25cf Cookies de ciblage<\/p>\n\n\n\n<p>Liste des cookies<br>Un cookie est un petit \u00e9l\u00e9ment de donn\u00e9es (fichier texte) qu'un site web - lorsqu'il est visit\u00e9 par un utilisateur - demande \u00e0 votre navigateur de stocker sur votre appareil afin de se souvenir d'informations vous concernant, telles que vos pr\u00e9f\u00e9rences linguistiques ou vos informations de connexion. Ces cookies sont mis en place par nous et sont appel\u00e9s cookies de premi\u00e8re partie. Nous utilisons \u00e9galement des cookies tiers - qui sont des cookies provenant d'un domaine diff\u00e9rent de celui du site web que vous visitez - pour nos efforts de publicit\u00e9 et de marketing. Plus pr\u00e9cis\u00e9ment, nous utilisons des cookies et d'autres technologies de suivi aux fins suivantes :<\/p>\n\n\n\n<p>Cookies strictement n\u00e9cessaires<br>Ces cookies sont n\u00e9cessaires au fonctionnement du site web et ne peuvent pas \u00eatre d\u00e9sactiv\u00e9s dans nos syst\u00e8mes. Ils ne sont g\u00e9n\u00e9ralement install\u00e9s qu'en r\u00e9ponse \u00e0 des actions que vous effectuez et qui \u00e9quivalent \u00e0 une demande de services, telles que le r\u00e9glage de vos pr\u00e9f\u00e9rences en mati\u00e8re de confidentialit\u00e9, l'ouverture d'une session ou le remplissage de formulaires. Vous pouvez configurer votre navigateur pour qu'il bloque ces cookies ou vous en avertisse, mais certaines parties du site ne fonctionneront alors pas. Ces cookies ne stockent aucune information personnelle identifiable.<\/p>\n\n\n\n<p>Cookies fonctionnels<br>Ces cookies permettent au site web d'offrir une fonctionnalit\u00e9 et une personnalisation am\u00e9lior\u00e9es. Ils peuvent \u00eatre install\u00e9s par nous ou par des fournisseurs tiers dont nous avons ajout\u00e9 les services \u00e0 nos pages. Si vous n'autorisez pas ces cookies, certains ou tous ces services risquent de ne pas fonctionner correctement.<\/p>\n\n\n\n<p>Cookies de performance<br>Ces cookies nous permettent de compter les visites et les sources de trafic afin de mesurer et d'am\u00e9liorer les performances de notre site. Ils nous aident \u00e0 savoir quelles sont les pages les plus et les moins populaires et \u00e0 voir comment les visiteurs se d\u00e9placent sur le site. Toutes les informations collect\u00e9es par ces cookies sont agr\u00e9g\u00e9es et donc anonymes. Si vous n'autorisez pas ces cookies, nous ne saurons pas quand vous avez visit\u00e9 notre site et nous ne pourrons pas contr\u00f4ler ses performances.<\/p>\n\n\n\n<p>Cookies de ciblage<br>Ces cookies peuvent \u00eatre install\u00e9s sur notre site par nos partenaires publicitaires. Ils peuvent \u00eatre utilis\u00e9s par ces soci\u00e9t\u00e9s pour \u00e9tablir un profil de vos int\u00e9r\u00eats et vous montrer des publicit\u00e9s pertinentes sur d'autres sites. Ils ne stockent pas d'informations directement personnelles, mais sont bas\u00e9s sur l'identification unique de votre navigateur et de votre appareil Internet. Si vous n'autorisez pas ces cookies, la publicit\u00e9 sera moins cibl\u00e9e.<\/p>\n\n\n\n<p>Comment d\u00e9sactiver les cookies<br>Vous pouvez \u00e0 tout moment choisir de restreindre ou de bloquer les cookies par le biais des param\u00e8tres de votre navigateur. Veuillez noter que certains cookies peuvent \u00eatre install\u00e9s d\u00e8s que vous visitez le site web, mais vous pouvez les supprimer en utilisant les param\u00e8tres de votre navigateur. Toutefois, sachez que la restriction ou le blocage des cookies install\u00e9s sur le site web peut avoir une incidence sur la fonctionnalit\u00e9 ou les performances du site web ou vous emp\u00eacher d'utiliser certains services fournis par l'interm\u00e9diaire du site web. Cela affectera \u00e9galement notre capacit\u00e9 \u00e0 mettre \u00e0 jour le site web afin de r\u00e9pondre aux pr\u00e9f\u00e9rences des utilisateurs et d'am\u00e9liorer les performances. Cookies dans les applications mobiles<\/p>\n\n\n\n<p>Nous n'utilisons que des cookies strictement n\u00e9cessaires sur nos applications mobiles. Ces cookies sont essentiels \u00e0 la fonctionnalit\u00e9 de nos applications. Si vous bloquez ou supprimez ces cookies, il se peut que vous ne puissiez pas utiliser l'application. Ces cookies ne sont partag\u00e9s avec aucune autre application sur votre appareil mobile. Nous n'utilisons jamais les cookies de l'application mobile pour stocker des informations personnelles vous concernant.<\/p>\n\n\n\n<p>Si vous avez des questions ou des pr\u00e9occupations concernant les informations contenues dans la pr\u00e9sente politique de confidentialit\u00e9, veuillez nous contacter par courrier \u00e9lectronique \u00e0 l'adresse suivante : . Vous pouvez \u00e9galement nous contacter par l'interm\u00e9diaire de notre service client\u00e8le sur notre site.<\/p>","protected":false},"excerpt":{"rendered":"<p>CookiesPlease read our Terms and Conditions and this Policy before accessing or using our Services. If you cannot agree with [&hellip;]<\/p>","protected":false},"author":1,"featured_media":0,"parent":0,"menu_order":0,"comment_status":"closed","ping_status":"closed","template":"","meta":{"site-sidebar-layout":"default","site-content-layout":"","ast-site-content-layout":"default","site-content-style":"default","site-sidebar-style":"default","ast-global-header-display":"","ast-banner-title-visibility":"","ast-main-header-display":"","ast-hfb-above-header-display":"","ast-hfb-below-header-display":"","ast-hfb-mobile-header-display":"","site-post-title":"","ast-breadcrumbs-content":"","ast-featured-img":"","footer-sml-layout":"","theme-transparent-header-meta":"","adv-header-id-meta":"","stick-header-meta":"","header-above-stick-meta":"","header-main-stick-meta":"","header-below-stick-meta":"","astra-migrate-meta-layouts":"default","ast-page-background-enabled":"default","ast-page-background-meta":{"desktop":{"background-color":"var(--ast-global-color-5)","background-image":"","background-repeat":"repeat","background-position":"center center","background-size":"auto","background-attachment":"scroll","background-type":"","background-media":"","overlay-type":"","overlay-color":"","overlay-opacity":"","overlay-gradient":""},"tablet":{"background-color":"","background-image":"","background-repeat":"repeat","background-position":"center center","background-size":"auto","background-attachment":"scroll","background-type":"","background-media":"","overlay-type":"","overlay-color":"","overlay-opacity":"","overlay-gradient":""},"mobile":{"background-color":"","background-image":"","background-repeat":"repeat","background-position":"center center","background-size":"auto","background-attachment":"scroll","background-type":"","background-media":"","overlay-type":"","overlay-color":"","overlay-opacity":"","overlay-gradient":""}},"ast-content-background-meta":{"desktop":{"background-color":"var(--ast-global-color-4)","background-image":"","background-repeat":"repeat","background-position":"center center","background-size":"auto","background-attachment":"scroll","background-type":"","background-media":"","overlay-type":"","overlay-color":"","overlay-opacity":"","overlay-gradient":""},"tablet":{"background-color":"var(--ast-global-color-4)","background-image":"","background-repeat":"repeat","background-position":"center center","background-size":"auto","background-attachment":"scroll","background-type":"","background-media":"","overlay-type":"","overlay-color":"","overlay-opacity":"","overlay-gradient":""},"mobile":{"background-color":"var(--ast-global-color-4)","background-image":"","background-repeat":"repeat","background-position":"center center","background-size":"auto","background-attachment":"scroll","background-type":"","background-media":"","overlay-type":"","overlay-color":"","overlay-opacity":"","overlay-gradient":""}},"footnotes":""},"class_list":["post-1038","page","type-page","status-publish","hentry"],"_links":{"self":[{"href":"https:\/\/china-3pl.com\/fr\/wp-json\/wp\/v2\/pages\/1038","targetHints":{"allow":["GET"]}}],"collection":[{"href":"https:\/\/china-3pl.com\/fr\/wp-json\/wp\/v2\/pages"}],"about":[{"href":"https:\/\/china-3pl.com\/fr\/wp-json\/wp\/v2\/types\/page"}],"author":[{"embeddable":true,"href":"https:\/\/china-3pl.com\/fr\/wp-json\/wp\/v2\/users\/1"}],"replies":[{"embeddable":true,"href":"https:\/\/china-3pl.com\/fr\/wp-json\/wp\/v2\/comments?post=1038"}],"version-history":[{"count":0,"href":"https:\/\/china-3pl.com\/fr\/wp-json\/wp\/v2\/pages\/1038\/revisions"}],"wp:attachment":[{"href":"https:\/\/china-3pl.com\/fr\/wp-json\/wp\/v2\/media?parent=1038"}],"curies":[{"name":"wp","href":"https:\/\/api.w.org\/{rel}","templated":true}]}}