{"id":509,"date":"2025-09-14T17:58:34","date_gmt":"2025-09-14T17:58:34","guid":{"rendered":"https:\/\/china-3pl.com\/?page_id=509"},"modified":"2025-11-27T09:21:15","modified_gmt":"2025-11-27T01:21:15","slug":"contacto","status":"publish","type":"page","link":"https:\/\/china-3pl.com\/es\/contacto\/","title":{"rendered":"P\u00f3ngase en contacto con nosotros"},"content":{"rendered":"<div data-elementor-type=\"wp-page\" data-elementor-id=\"509\" class=\"elementor elementor-509\" data-elementor-post-type=\"page\">\n\t\t\t\t<div class=\"elementor-element elementor-element-539d1318 e-flex e-con-boxed e-con e-parent\" data-id=\"539d1318\" data-element_type=\"container\" data-settings=\"{&quot;background_background&quot;:&quot;classic&quot;}\">\n\t\t\t\t\t<div class=\"e-con-inner\">\n\t\t\t\t<div class=\"elementor-element elementor-element-3a6fb491 elementor-widget elementor-widget-heading\" data-id=\"3a6fb491\" data-element_type=\"widget\" data-widget_type=\"heading.default\">\n\t\t\t\t\t<h1 class=\"elementor-heading-title elementor-size-default\">CONTACTO<\/h1>\t\t\t\t<\/div>\n\t\t\t\t<div class=\"elementor-element elementor-element-30167ee1 elementor-widget elementor-widget-text-editor\" data-id=\"30167ee1\" data-element_type=\"widget\" data-widget_type=\"text-editor.default\">\n\t\t\t\t\t\t\t\t\t<p>Programe una visita al almac\u00e9n o p\u00f3ngase en contacto con un experto en log\u00edstica 3PL de Huixin Supply Chain.<\/p>\t\t\t\t\t\t\t\t<\/div>\n\t\t\t\t\t<\/div>\n\t\t\t\t<\/div>\n\t\t<div class=\"elementor-element elementor-element-9043070 e-flex e-con-boxed e-con e-parent\" data-id=\"9043070\" data-element_type=\"container\">\n\t\t\t\t\t<div class=\"e-con-inner\">\n\t\t<div class=\"elementor-element elementor-element-2af30ca e-con-full e-flex e-con e-child\" data-id=\"2af30ca\" data-element_type=\"container\" data-settings=\"{&quot;background_background&quot;:&quot;classic&quot;}\">\n\t\t\t\t<div class=\"elementor-element elementor-element-1b7aa9d elementor-widget elementor-widget-heading\" data-id=\"1b7aa9d\" data-element_type=\"widget\" data-widget_type=\"heading.default\">\n\t\t\t\t\t<h2 class=\"elementor-heading-title elementor-size-default\">D\u00e9janos un mensaje<\/h2>\t\t\t\t<\/div>\n\t\t\t\t<div class=\"elementor-element elementor-element-cbc4247 elementor-widget elementor-widget-text-editor\" data-id=\"cbc4247\" data-element_type=\"widget\" data-widget_type=\"text-editor.default\">\n\t\t\t\t\t\t\t\t\t<p>Rellene el formulario y nuestros gestores de cuentas le responder\u00e1n lo antes posible. Tenga en cuenta que la respuesta se enviar\u00e1 desde Mk@china-3pl.com<\/p>\t\t\t\t\t\t\t\t<\/div>\n\t\t\t\t<div class=\"elementor-element elementor-element-0415f9b elementor-widget elementor-widget-wpforms\" data-id=\"0415f9b\" data-element_type=\"widget\" data-widget_type=\"wpforms.default\">\n\t\t\t\t<div class=\"elementor-widget-container\">\n\t\t\t\t\t<div class=\"wpforms-container wpforms-container-full Leave_Us_a_Message wpforms-render-modern\" id=\"wpforms-1209\"><form id=\"wpforms-form-1209\" class=\"wpforms-validate wpforms-form wpforms-ajax-form\" data-formid=\"1209\" method=\"post\" enctype=\"multipart\/form-data\" action=\"\/es\/wp-json\/wp\/v2\/pages\/509\" data-token=\"924c92f545b3988d3c0987c861d36771\" data-token-time=\"1776857173\" data-trp-original-action=\"\/es\/wp-json\/wp\/v2\/pages\/509\"><noscript class=\"wpforms-error-noscript\">Por favor, active JavaScript en su navegador para completar este formulario.<\/noscript><div id=\"wpforms-error-noscript\" style=\"display: none;\">Por favor, active JavaScript en su navegador para completar este formulario.<\/div><div class=\"wpforms-field-container\"><div id=\"wpforms-1209-field_1-container\" class=\"wpforms-field wpforms-field-name\" data-field-id=\"1\"><label class=\"wpforms-field-label\" for=\"wpforms-1209-field_1\">Nombre <span class=\"wpforms-required-label\" aria-hidden=\"true\">*<\/span><\/label><input type=\"text\" id=\"wpforms-1209-field_1\" class=\"wpforms-field-large wpforms-field-required\" name=\"wpforms[fields][1]\" aria-errormessage=\"wpforms-1209-field_1-error\" required><\/div><div id=\"wpforms-1209-field_5-container\" class=\"wpforms-field wpforms-field-text\" data-field-id=\"5\"><label class=\"wpforms-field-label\" for=\"wpforms-1209-field_5\">Pa\u00eds <span class=\"wpforms-required-label\" aria-hidden=\"true\">*<\/span><\/label><input type=\"text\" id=\"wpforms-1209-field_5\" class=\"wpforms-field-large wpforms-field-required\" name=\"wpforms[fields][5]\" aria-errormessage=\"wpforms-1209-field_5-error\" required><\/div><div id=\"wpforms-1209-field_2-container\" class=\"wpforms-field wpforms-field-email\" data-field-id=\"2\"><label class=\"wpforms-field-label\" for=\"wpforms-1209-field_2\">Direcci\u00f3n de correo electr\u00f3nico <span class=\"wpforms-required-label\" aria-hidden=\"true\">*<\/span><\/label><input type=\"email\" id=\"wpforms-1209-field_2\" class=\"wpforms-field-large wpforms-field-required\" name=\"wpforms[fields][2]\" spellcheck=\"false\" aria-errormessage=\"wpforms-1209-field_2-error\" required><\/div>\t\t<div id=\"wpforms-1209-field_4-container\"\n\t\t\tclass=\"wpforms-field wpforms-field-text\"\n\t\t\tdata-field-type=\"text\"\n\t\t\tdata-field-id=\"4\"\n\t\t\t>\n\t\t\t<label class=\"wpforms-field-label\" for=\"wpforms-1209-field_4\" >Address utm_medium Message<\/label>\n\t\t\t<input type=\"text\" id=\"wpforms-1209-field_4\" class=\"wpforms-field-medium\" name=\"wpforms[fields][4]\" >\n\t\t<\/div>\n\t\t<div id=\"wpforms-1209-field_6-container\" class=\"wpforms-field wpforms-field-number\" data-field-id=\"6\"><label class=\"wpforms-field-label\" for=\"wpforms-1209-field_6\"> M\u00f3vil\/WhatsApp <span class=\"wpforms-required-label\" aria-hidden=\"true\">*<\/span><\/label><input type=\"number\" id=\"wpforms-1209-field_6\" class=\"wpforms-field-large wpforms-field-required\" name=\"wpforms[fields][6]\" step=\"any\" aria-errormessage=\"wpforms-1209-field_6-error\" required><\/div><div id=\"wpforms-1209-field_3-container\" class=\"wpforms-field wpforms-field-textarea\" data-field-id=\"3\"><label class=\"wpforms-field-label\" for=\"wpforms-1209-field_3\">Mensaje <span class=\"wpforms-required-label\" aria-hidden=\"true\">*<\/span><\/label><textarea id=\"wpforms-1209-field_3\" class=\"wpforms-field-medium wpforms-field-required\" name=\"wpforms[fields][3]\" aria-errormessage=\"wpforms-1209-field_3-error\" required><\/textarea><\/div><div id=\"wpforms-1209-field_7-container\" class=\"wpforms-field wpforms-field-hidden\" data-field-id=\"7\"><input type=\"hidden\" id=\"wpforms-1209-field_7\" name=\"wpforms[fields][7]\"><\/div><script>\n\t\t\t\t( function() {\n\t\t\t\t\tconst style = document.createElement( 'style' );\n\t\t\t\t\tstyle.appendChild( document.createTextNode( '#wpforms-1209-field_4-container { position: absolute !important; overflow: hidden !important; display: inline !important; height: 1px !important; width: 1px !important; z-index: -1000 !important; padding: 0 !important; } #wpforms-1209-field_4-container input { visibility: hidden; } #wpforms-conversational-form-page #wpforms-1209-field_4-container label { counter-increment: none; }' ) );\n\t\t\t\t\tdocument.head.appendChild( style );\n\t\t\t\t\tdocument.currentScript?.remove();\n\t\t\t\t} )();\n\t\t\t<\/script><\/div><!-- .wpforms-field-container --><div class=\"wpforms-submit-container\" ><input type=\"hidden\" name=\"wpforms[id]\" value=\"1209\"><input type=\"hidden\" name=\"page_title\" value=\"\"><input type=\"hidden\" name=\"page_url\" value=\"https:\/\/china-3pl.com\/es\/wp-json\/wp\/v2\/pages\/509\"><input type=\"hidden\" name=\"url_referer\" value=\"\"><button type=\"submit\" name=\"wpforms[submit]\" id=\"wpforms-submit-1209\" class=\"wpforms-submit\" data-alt-text=\"Sending\u2026\" data-submit-text=\"Submit\" aria-live=\"assertive\" value=\"wpforms-submit\">Enviar<\/button><img decoding=\"async\" src=\"https:\/\/china-3pl.com\/wp-content\/plugins\/wpforms\/assets\/images\/submit-spin.svg\" class=\"wpforms-submit-spinner\" style=\"display: none;\" width=\"26\" height=\"26\" alt=\"Cargando\"><\/div><input type=\"hidden\" name=\"trp-form-language\" value=\"es\"\/><\/form><\/div>  <!-- .wpforms-container -->\t\t\t\t<\/div>\n\t\t\t\t<\/div>\n\t\t\t\t<\/div>\n\t\t<div class=\"elementor-element elementor-element-081a816 e-con-full e-flex e-con e-child\" data-id=\"081a816\" data-element_type=\"container\">\n\t\t\t\t<div class=\"elementor-element elementor-element-c323fa3 elementor-position-left LUM elementor-view-default elementor-mobile-position-top elementor-widget elementor-widget-icon-box\" data-id=\"c323fa3\" data-element_type=\"widget\" data-widget_type=\"icon-box.default\">\n\t\t\t\t\t\t\t<div class=\"elementor-icon-box-wrapper\">\n\n\t\t\t\t\t\t<div class=\"elementor-icon-box-icon\">\n\t\t\t\t<a href=\"https:\/\/api.whatsapp.com\/send?phone=8618938841089\" class=\"elementor-icon\" tabindex=\"-1\" aria-label=\"+86 18938841089\" rel=\"nofollow noopener\" target=\"_blank\">\n\t\t\t\t<svg xmlns=\"http:\/\/www.w3.org\/2000\/svg\" xmlns:xlink=\"http:\/\/www.w3.org\/1999\/xlink\" class=\"icon\" viewbox=\"0 0 1024 1024\" width=\"64\" height=\"64\" data-spm-anchor-id=\"a313x.search_index.0.i5.5a6e3a81H9v2IQ\"><path d=\"M308.1728 161.5104a172.5952 172.5952 0 0 1 106.24 322.1248l-5.8112 3.072-4.5056 2.1248 2.8928 4.4544a473.9328 473.9328 0 0 0 112.1024 118.4512l10.24 7.424 4.0192 2.7392 1.792-3.9168a172.288 172.288 0 0 1 185.2416-95.9232l6.528 1.28 6.016 1.3824a172.2624 172.2624 0 0 1-35.9424 339.1744l-6.0416 0.1024h-1.3568c-293.2736-0.384-530.944-238.0288-531.328-531.3024a172.5952 172.5952 0 0 1 149.9136-171.1872z m22.784 62.0544a115.6608 115.6608 0 0 0-23.3472 2.2016 109.7984 109.7984 0 0 0-85.8624 106.88c1.0752 257.2032 209.3056 465.4336 466.4832 466.5344 46.848 0 88.448-29.952 103.5776-74.8544 4.5824-10.5984 7.3728-21.888 8.2432-32.8704a109.1328 109.1328 0 0 0-215.9872-21.4016l-0.9472 5.1968a30.5664 30.5664 0 0 1-17.2032 24.192 31.7952 31.7952 0 0 1-29.7984-0.1024 532.0448 532.0448 0 0 1-208.2304-213.76 31.3344 31.3344 0 0 1-0.0512-28.7232c4.4544-9.0368 12.9024-15.4368 22.8864-17.3312a108.8 108.8 0 0 0-19.7888-215.9616z\" fill=\"#FB7B1F\"><\/path><\/svg>\t\t\t\t<\/a>\n\t\t\t<\/div>\n\t\t\t\n\t\t\t\t\t\t<div class=\"elementor-icon-box-content\">\n\n\t\t\t\t\t\t\t\t\t<h3 class=\"elementor-icon-box-title\">\n\t\t\t\t\t\t<a href=\"https:\/\/api.whatsapp.com\/send?phone=8618938841089\" rel=\"nofollow noopener\" target=\"_blank\">\n\t\t\t\t\t\t\t+86 18938841089\t\t\t\t\t\t<\/a>\n\t\t\t\t\t<\/h3>\n\t\t\t\t\n\t\t\t\t\t\t\t\t\t<p class=\"elementor-icon-box-description\">\n\t\t\t\t\t\tN\u00famero de tel\u00e9fono\/Whatsapp\t\t\t\t\t<\/p>\n\t\t\t\t\n\t\t\t<\/div>\n\t\t\t\n\t\t<\/div>\n\t\t\t\t\t\t<\/div>\n\t\t\t\t<div class=\"elementor-element elementor-element-784b318 elementor-position-left LUM elementor-view-default elementor-mobile-position-top elementor-widget elementor-widget-icon-box\" data-id=\"784b318\" data-element_type=\"widget\" data-widget_type=\"icon-box.default\">\n\t\t\t\t\t\t\t<div class=\"elementor-icon-box-wrapper\">\n\n\t\t\t\t\t\t<div class=\"elementor-icon-box-icon\">\n\t\t\t\t<a href=\"\" conversion=\"\" send_to=\"\" class=\"elementor-icon\" tabindex=\"-1\" aria-label=\"Mk@china-3pl.com\">\n\t\t\t\t<svg xmlns=\"http:\/\/www.w3.org\/2000\/svg\" xmlns:xlink=\"http:\/\/www.w3.org\/1999\/xlink\" class=\"icon\" viewbox=\"0 0 1024 1024\" width=\"64\" height=\"64\"><path d=\"M838.954667 234.666667H170.666667c-3.626667 0-7.168 0.448-10.56 1.322666l323.690666 323.669334a21.333333 21.333333 0 0 0 30.165334 0L838.954667 234.666667z m46.144 14.186666l-260.693334 260.693334 262.933334 262.912c5.44-7.168 8.661333-16.106667 8.661333-25.792V277.333333c0-10.944-4.117333-20.906667-10.88-28.48zM843.861333 789.333333l-249.6-249.621333-50.133333 50.133333a64 64 0 0 1-90.517333 0l-50.112-50.133333L156.373333 786.88c4.48 1.578667 9.28 2.453333 14.314667 2.453333h673.194667zM128.661333 754.218667L373.333333 509.525333 129.578667 265.813333A42.709333 42.709333 0 0 0 128 277.333333v469.333334c0 2.56 0.213333 5.098667 0.661333 7.552zM170.666667 192h682.666666a85.333333 85.333333 0 0 1 85.333334 85.333333v469.333334a85.333333 85.333333 0 0 1-85.333334 85.333333H170.666667a85.333333 85.333333 0 0 1-85.333334-85.333333V277.333333a85.333333 85.333333 0 0 1 85.333334-85.333333z\" fill=\"#fb7b1f\"><\/path><\/svg>\t\t\t\t<\/a>\n\t\t\t<\/div>\n\t\t\t\n\t\t\t\t\t\t<div class=\"elementor-icon-box-content\">\n\n\t\t\t\t\t\t\t\t\t<h3 class=\"elementor-icon-box-title\">\n\t\t\t\t\t\t<a href=\"\" conversion=\"\" send_to=\"\" >\n\t\t\t\t\t\t\tMk@china-3pl.com\t\t\t\t\t\t<\/a>\n\t\t\t\t\t<\/h3>\n\t\t\t\t\n\t\t\t\t\t\t\t\t\t<p class=\"elementor-icon-box-description\">\n\t\t\t\t\t\tDirecci\u00f3n de correo electr\u00f3nico\t\t\t\t\t<\/p>\n\t\t\t\t\n\t\t\t<\/div>\n\t\t\t\n\t\t<\/div>\n\t\t\t\t\t\t<\/div>\n\t\t\t\t<div class=\"elementor-element elementor-element-1931a8f elementor-position-left LUM elementor-view-default elementor-mobile-position-top elementor-widget elementor-widget-icon-box\" data-id=\"1931a8f\" data-element_type=\"widget\" data-widget_type=\"icon-box.default\">\n\t\t\t\t\t\t\t<div class=\"elementor-icon-box-wrapper\">\n\n\t\t\t\t\t\t<div class=\"elementor-icon-box-icon\">\n\t\t\t\t<span  class=\"elementor-icon\">\n\t\t\t\t<svg xmlns=\"http:\/\/www.w3.org\/2000\/svg\" xmlns:xlink=\"http:\/\/www.w3.org\/1999\/xlink\" class=\"icon\" viewbox=\"0 0 1024 1024\" width=\"64\" height=\"64\"><path d=\"M512 938.666667c-53.333333 0-384-257.258667-384-469.333334S299.925333 85.333333 512 85.333333s384 171.925333 384 384-330.666667 469.333333-384 469.333334z m0-352c64.8 0 117.333333-52.533333 117.333333-117.333334s-52.533333-117.333333-117.333333-117.333333-117.333333 52.533333-117.333333 117.333333 52.533333 117.333333 117.333333 117.333334z\" fill=\"#fb7b1f\"><\/path><\/svg>\t\t\t\t<\/span>\n\t\t\t<\/div>\n\t\t\t\n\t\t\t\t\t\t<div class=\"elementor-icon-box-content\">\n\n\t\t\t\t\t\t\t\t\t<h3 class=\"elementor-icon-box-title\">\n\t\t\t\t\t\t<span  >\n\t\t\t\t\t\t\tShenzhen\t\t\t\t\t\t<\/span>\n\t\t\t\t\t<\/h3>\n\t\t\t\t\n\t\t\t\t\t\t\t\t\t<p class=\"elementor-icon-box-description\">\n\t\t\t\t\t\tAlmac\u00e9n A+B+C, 6\u00aa planta, edificio 2, parque log\u00edstico Qianlong, n\u00ba 1 de la avenida Ping'an, calle Pinghu, distrito de Longgang, ciudad de Shenzhen, provincia de Guangdong.\t\t\t\t\t<\/p>\n\t\t\t\t\n\t\t\t<\/div>\n\t\t\t\n\t\t<\/div>\n\t\t\t\t\t\t<\/div>\n\t\t\t\t<div class=\"elementor-element elementor-element-584c41d elementor-position-left LUM elementor-view-default elementor-mobile-position-top elementor-widget elementor-widget-icon-box\" data-id=\"584c41d\" data-element_type=\"widget\" data-widget_type=\"icon-box.default\">\n\t\t\t\t\t\t\t<div class=\"elementor-icon-box-wrapper\">\n\n\t\t\t\t\t\t<div class=\"elementor-icon-box-icon\">\n\t\t\t\t<span  class=\"elementor-icon\">\n\t\t\t\t<svg xmlns=\"http:\/\/www.w3.org\/2000\/svg\" xmlns:xlink=\"http:\/\/www.w3.org\/1999\/xlink\" class=\"icon\" viewbox=\"0 0 1024 1024\" width=\"64\" height=\"64\"><path d=\"M512 938.666667c-53.333333 0-384-257.258667-384-469.333334S299.925333 85.333333 512 85.333333s384 171.925333 384 384-330.666667 469.333333-384 469.333334z m0-352c64.8 0 117.333333-52.533333 117.333333-117.333334s-52.533333-117.333333-117.333333-117.333333-117.333333 52.533333-117.333333 117.333333 52.533333 117.333333 117.333333 117.333334z\" fill=\"#fb7b1f\"><\/path><\/svg>\t\t\t\t<\/span>\n\t\t\t<\/div>\n\t\t\t\n\t\t\t\t\t\t<div class=\"elementor-icon-box-content\">\n\n\t\t\t\t\t\t\t\t\t<h3 class=\"elementor-icon-box-title\">\n\t\t\t\t\t\t<span  >\n\t\t\t\t\t\t\tHong Kong\t\t\t\t\t\t<\/span>\n\t\t\t\t\t<\/h3>\n\t\t\t\t\n\t\t\t\t\t\t\t\t\t<p class=\"elementor-icon-box-description\">\n\t\t\t\t\t\t31A Yang Road, Ma Liu Shui New Village Road, Fanling Military District, New Territories, Hong Kong, almac\u00e9n C2\t\t\t\t\t<\/p>\n\t\t\t\t\n\t\t\t<\/div>\n\t\t\t\n\t\t<\/div>\n\t\t\t\t\t\t<\/div>\n\t\t\t\t<div class=\"elementor-element elementor-element-1533ebe elementor-position-left LUM elementor-view-default elementor-mobile-position-top elementor-widget elementor-widget-icon-box\" data-id=\"1533ebe\" data-element_type=\"widget\" data-widget_type=\"icon-box.default\">\n\t\t\t\t\t\t\t<div class=\"elementor-icon-box-wrapper\">\n\n\t\t\t\t\t\t<div class=\"elementor-icon-box-icon\">\n\t\t\t\t<span  class=\"elementor-icon\">\n\t\t\t\t<svg xmlns=\"http:\/\/www.w3.org\/2000\/svg\" xmlns:xlink=\"http:\/\/www.w3.org\/1999\/xlink\" class=\"icon\" viewbox=\"0 0 1024 1024\" width=\"64\" height=\"64\"><path d=\"M512 938.666667c-53.333333 0-384-257.258667-384-469.333334S299.925333 85.333333 512 85.333333s384 171.925333 384 384-330.666667 469.333333-384 469.333334z m0-352c64.8 0 117.333333-52.533333 117.333333-117.333334s-52.533333-117.333333-117.333333-117.333333-117.333333 52.533333-117.333333 117.333333 52.533333 117.333333 117.333333 117.333334z\" fill=\"#fb7b1f\"><\/path><\/svg>\t\t\t\t<\/span>\n\t\t\t<\/div>\n\t\t\t\n\t\t\t\t\t\t<div class=\"elementor-icon-box-content\">\n\n\t\t\t\t\t\t\t\t\t<h3 class=\"elementor-icon-box-title\">\n\t\t\t\t\t\t<span  >\n\t\t\t\t\t\t\tShangHai\t\t\t\t\t\t<\/span>\n\t\t\t\t\t<\/h3>\n\t\t\t\t\n\t\t\t\t\t\t\t\t\t<p class=\"elementor-icon-box-description\">\n\t\t\t\t\t\tA-2-10, 2\u00aa planta, almac\u00e9n 1, n\u00ba 33 de Wengong Road, distrito de Songjiang\t\t\t\t\t<\/p>\n\t\t\t\t\n\t\t\t<\/div>\n\t\t\t\n\t\t<\/div>\n\t\t\t\t\t\t<\/div>\n\t\t\t\t<\/div>\n\t\t\t\t\t<\/div>\n\t\t\t\t<\/div>\n\t\t<div class=\"elementor-element elementor-element-4b70084 e-flex e-con-boxed e-con e-parent\" data-id=\"4b70084\" data-element_type=\"container\">\n\t\t\t\t\t<div class=\"e-con-inner\">\n\t\t\t\t<div class=\"elementor-element elementor-element-cae3e78 elementor-widget elementor-widget-google_maps\" data-id=\"cae3e78\" data-element_type=\"widget\" data-widget_type=\"google_maps.default\">\n\t\t\t\t\t\t\t<div class=\"elementor-custom-embed\">\n\t\t\t<iframe loading=\"lazy\"\n\t\t\t\t\tsrc=\"https:\/\/maps.google.com\/maps?q=%E4%B8%AD%E5%9B%BD%E5%B9%BF%E4%B8%9C%E7%9C%81%E6%B7%B1%E5%9C%B3%E5%B8%82%E9%BE%99%E5%B2%97%E5%8C%BA%E5%B9%B3%E5%AE%89%E5%A4%A7%E9%81%93%2C%E4%B9%BE%E9%BE%99%E7%89%A9%E6%B5%81%E5%9B%AD&#038;t=m&#038;z=15&#038;output=embed&#038;iwloc=near\"\n\t\t\t\t\ttitle=\"\u4e2d\u56fd\u5e7f\u4e1c\u7701\u6df1\u5733\u5e02\u9f99\u5c97\u533a\u5e73\u5b89\u5927\u9053,\u4e7e\u9f99\u7269\u6d41\u56ed\"\n\t\t\t\t\taria-label=\"\u4e2d\u56fd\u5e7f\u4e1c\u7701\u6df1\u5733\u5e02\u9f99\u5c97\u533a\u5e73\u5b89\u5927\u9053,\u4e7e\u9f99\u7269\u6d41\u56ed\"\n\t\t\t><\/iframe>\n\t\t<\/div>\n\t\t\t\t\t\t<\/div>\n\t\t\t\t\t<\/div>\n\t\t\t\t<\/div>\n\t\t\t\t<\/div>","protected":false},"excerpt":{"rendered":"<p>CONTACT US Schedule a warehouse visit or reach out to a 3PL fulfillment expert at Huixin Supply Chain. Leave Us [&hellip;]<\/p>","protected":false},"author":1,"featured_media":0,"parent":0,"menu_order":0,"comment_status":"closed","ping_status":"closed","template":"","meta":{"site-sidebar-layout":"no-sidebar","site-content-layout":"","ast-site-content-layout":"full-width-container","site-content-style":"default","site-sidebar-style":"default","ast-global-header-display":"","ast-banner-title-visibility":"","ast-main-header-display":"","ast-hfb-above-header-display":"","ast-hfb-below-header-display":"","ast-hfb-mobile-header-display":"","site-post-title":"","ast-breadcrumbs-content":"","ast-featured-img":"disabled","footer-sml-layout":"","theme-transparent-header-meta":"","adv-header-id-meta":"","stick-header-meta":"","header-above-stick-meta":"","header-main-stick-meta":"","header-below-stick-meta":"","astra-migrate-meta-layouts":"default","ast-page-background-enabled":"default","ast-page-background-meta":{"desktop":{"background-color":"var(--ast-global-color-5)","background-image":"","background-repeat":"repeat","background-position":"center center","background-size":"auto","background-attachment":"scroll","background-type":"","background-media":"","overlay-type":"","overlay-color":"","overlay-opacity":"","overlay-gradient":""},"tablet":{"background-color":"","background-image":"","background-repeat":"repeat","background-position":"center center","background-size":"auto","background-attachment":"scroll","background-type":"","background-media":"","overlay-type":"","overlay-color":"","overlay-opacity":"","overlay-gradient":""},"mobile":{"background-color":"","background-image":"","background-repeat":"repeat","background-position":"center center","background-size":"auto","background-attachment":"scroll","background-type":"","background-media":"","overlay-type":"","overlay-color":"","overlay-opacity":"","overlay-gradient":""}},"ast-content-background-meta":{"desktop":{"background-color":"var(--ast-global-color-4)","background-image":"","background-repeat":"repeat","background-position":"center center","background-size":"auto","background-attachment":"scroll","background-type":"","background-media":"","overlay-type":"","overlay-color":"","overlay-opacity":"","overlay-gradient":""},"tablet":{"background-color":"var(--ast-global-color-4)","background-image":"","background-repeat":"repeat","background-position":"center center","background-size":"auto","background-attachment":"scroll","background-type":"","background-media":"","overlay-type":"","overlay-color":"","overlay-opacity":"","overlay-gradient":""},"mobile":{"background-color":"var(--ast-global-color-4)","background-image":"","background-repeat":"repeat","background-position":"center center","background-size":"auto","background-attachment":"scroll","background-type":"","background-media":"","overlay-type":"","overlay-color":"","overlay-opacity":"","overlay-gradient":""}},"footnotes":""},"class_list":["post-509","page","type-page","status-publish","hentry"],"_links":{"self":[{"href":"https:\/\/china-3pl.com\/es\/wp-json\/wp\/v2\/pages\/509","targetHints":{"allow":["GET"]}}],"collection":[{"href":"https:\/\/china-3pl.com\/es\/wp-json\/wp\/v2\/pages"}],"about":[{"href":"https:\/\/china-3pl.com\/es\/wp-json\/wp\/v2\/types\/page"}],"author":[{"embeddable":true,"href":"https:\/\/china-3pl.com\/es\/wp-json\/wp\/v2\/users\/1"}],"replies":[{"embeddable":true,"href":"https:\/\/china-3pl.com\/es\/wp-json\/wp\/v2\/comments?post=509"}],"version-history":[{"count":0,"href":"https:\/\/china-3pl.com\/es\/wp-json\/wp\/v2\/pages\/509\/revisions"}],"wp:attachment":[{"href":"https:\/\/china-3pl.com\/es\/wp-json\/wp\/v2\/media?parent=509"}],"curies":[{"name":"wp","href":"https:\/\/api.w.org\/{rel}","templated":true}]}}