{"id":1038,"date":"2025-10-15T11:41:56","date_gmt":"2025-10-15T03:41:56","guid":{"rendered":"https:\/\/china-3pl.com\/?page_id=1038"},"modified":"2025-10-15T11:55:46","modified_gmt":"2025-10-15T03:55:46","slug":"galletas","status":"publish","type":"page","link":"https:\/\/china-3pl.com\/es\/galletas\/","title":{"rendered":"Cookies"},"content":{"rendered":"<p>Cookies<br>Por favor, lea nuestros T\u00e9rminos y Condiciones y esta Pol\u00edtica antes de acceder o utilizar nuestros Servicios. Si no est\u00e1 de acuerdo con esta Pol\u00edtica o con los T\u00e9rminos y Condiciones, no acceda ni utilice nuestros Servicios. Si usted se encuentra en una jurisdicci\u00f3n fuera del Espacio Econ\u00f3mico Europeo, al utilizar nuestros Servicios, usted acepta los T\u00e9rminos y Condiciones y acepta nuestras pr\u00e1cticas de privacidad descritas en esta Pol\u00edtica.<br>Podemos modificar esta Pol\u00edtica en cualquier momento, sin previo aviso, y los cambios pueden aplicarse a cualquier Informaci\u00f3n Personal que ya tengamos sobre usted, as\u00ed como a cualquier nueva Informaci\u00f3n Personal recopilada despu\u00e9s de la modificaci\u00f3n de la Pol\u00edtica. Si realizamos cambios, se lo notificaremos revisando la fecha que figura en la parte superior de esta Pol\u00edtica. Le avisaremos con antelaci\u00f3n si introducimos alg\u00fan cambio sustancial en la forma en que recopilamos, utilizamos o revelamos sus Datos Personales que afecte a sus derechos en virtud de la presente Pol\u00edtica. Si se encuentra en una jurisdicci\u00f3n distinta del Espacio Econ\u00f3mico Europeo, el Reino Unido o Suiza (denominados colectivamente \"Pa\u00edses Europeos\"), el hecho de que contin\u00fae accediendo o utilizando nuestros Servicios despu\u00e9s de recibir la notificaci\u00f3n de los cambios constituye su reconocimiento de que acepta la Pol\u00edtica actualizada. Adem\u00e1s, podemos proporcionarle avisos en tiempo real o informaci\u00f3n adicional sobre las pr\u00e1cticas de tratamiento de Datos Personales de partes espec\u00edficas de nuestros Servicios. Tales avisos pueden complementar esta Pol\u00edtica o proporcionarle opciones adicionales sobre c\u00f3mo procesamos su Informaci\u00f3n Personal.<\/p>\n\n\n\n<p>Cookies<\/p>\n\n\n\n<p>Las cookies son peque\u00f1os archivos de texto que se almacenan en su dispositivo cuando accede a la mayor\u00eda de los sitios web de Internet o abre determinados mensajes de correo electr\u00f3nico. Entre otras cosas, las cookies permiten que un sitio web reconozca su dispositivo y recuerde si usted ha estado antes en ese sitio web. Ejemplos de informaci\u00f3n recogida por las Cookies incluyen su tipo de navegador y la direcci\u00f3n del sitio web desde el que lleg\u00f3 a nuestro sitio web, as\u00ed como la direcci\u00f3n IP y el comportamiento de clics (es decir, las p\u00e1ginas que ve y los enlaces en los que hace clic).Utilizamos el t\u00e9rmino cookie para referirnos a las Cookies y tecnolog\u00edas que realizan una funci\u00f3n similar a las Cookies (por ejemplo, etiquetas, p\u00edxeles, balizas web, etc.). Las cookies pueden ser le\u00eddas por el sitio web de origen en cada visita posterior y por cualquier otro sitio web que reconozca la cookie. El sitio web utiliza cookies para facilitar su uso, mejorar la experiencia del usuario, incluido el suministro de informaci\u00f3n y funcionalidad, as\u00ed como para proporcionarnos informaci\u00f3n sobre c\u00f3mo se utiliza el sitio web, de modo que podamos asegurarnos de que est\u00e9 lo m\u00e1s actualizado, sea relevante y no contenga errores. Cookies en el sitio web Utilizamos cookies para personalizar su experiencia cuando visita el sitio web, identificar de forma exclusiva su ordenador por motivos de seguridad y permitirnos a nosotros y a nuestros proveedores de servicios externos publicar anuncios en nuestro nombre a trav\u00e9s de Internet.<\/p>\n\n\n\n<p>Clasificamos las cookies en las siguientes categor\u00edas:<br>\u25cf Cookies estrictamente necesarias<br>\u25cf Cookies de rendimiento<br>\u25cf Cookies funcionales<br>\u25cf Cookies de segmentaci\u00f3n<\/p>\n\n\n\n<p>Lista de Cookies<br>Una cookie es un peque\u00f1o fragmento de datos (archivo de texto) que un sitio web -cuando es visitado por un usuario- pide a su navegador que almacene en su dispositivo para recordar informaci\u00f3n sobre usted, como su preferencia de idioma o sus datos de acceso. Estas cookies las instalamos nosotros y se denominan cookies de origen. Tambi\u00e9n utilizamos cookies de terceros -que son cookies de un dominio diferente del dominio del sitio web que est\u00e1 visitando- para nuestros esfuerzos publicitarios y de marketing. M\u00e1s concretamente, utilizamos cookies y otras tecnolog\u00edas de seguimiento para los siguientes fines:<\/p>\n\n\n\n<p>Cookies estrictamente necesarias<br>Estas cookies son necesarias para el funcionamiento del sitio web y no pueden desactivarse en nuestros sistemas. Normalmente s\u00f3lo se instalan en respuesta a acciones realizadas por usted que equivalen a una solicitud de servicios, como configurar sus preferencias de privacidad, iniciar sesi\u00f3n o rellenar formularios. Puede configurar su navegador para que bloquee estas cookies o le avise de ellas, pero entonces algunas partes del sitio no funcionar\u00e1n. Estas cookies no almacenan informaci\u00f3n personal identificable.<\/p>\n\n\n\n<p>Cookies funcionales<br>Estas cookies permiten mejorar la funcionalidad y la personalizaci\u00f3n del sitio web. Podemos instalarlas nosotros o terceros proveedores cuyos servicios hemos a\u00f1adido a nuestras p\u00e1ginas. Si no permite estas cookies, es posible que algunos o todos estos servicios no funcionen correctamente.<\/p>\n\n\n\n<p>Cookies de rendimiento<br>Estas cookies nos permiten contar las visitas y las fuentes de tr\u00e1fico para que podamos medir y mejorar el rendimiento de nuestro sitio. Nos ayudan a saber qu\u00e9 p\u00e1ginas son las m\u00e1s y las menos populares y a ver c\u00f3mo se mueven los visitantes por el sitio. Toda la informaci\u00f3n que recogen estas cookies es agregada y, por tanto, an\u00f3nima. Si no permite estas cookies, no sabremos cu\u00e1ndo ha visitado nuestro sitio y no podremos controlar su rendimiento.<\/p>\n\n\n\n<p>Cookies de segmentaci\u00f3n<br>Estas cookies pueden ser instaladas en nuestro sitio por nuestros socios publicitarios. Estas empresas pueden utilizarlas para elaborar un perfil de sus intereses y mostrarle anuncios relevantes en otros sitios. No almacenan directamente informaci\u00f3n personal, sino que se basan en la identificaci\u00f3n exclusiva de su navegador y dispositivo de Internet. Si no permite el uso de estas cookies, recibir\u00e1 menos publicidad personalizada.<\/p>\n\n\n\n<p>C\u00f3mo desactivar las cookies<br>Puede elegir restringir o bloquear las Cookies a trav\u00e9s de la configuraci\u00f3n de su navegador en cualquier momento. Tenga en cuenta que algunas Cookies pueden establecerse en cuanto visite el Sitio Web, pero puede eliminarlas utilizando la configuraci\u00f3n de su navegador. Sin embargo, tenga en cuenta que restringir o bloquear las Cookies establecidas en el Sitio Web puede afectar a la funcionalidad o el rendimiento del Sitio Web o impedirle utilizar determinados servicios prestados a trav\u00e9s del Sitio Web. Tambi\u00e9n afectar\u00e1 a nuestra capacidad de actualizar el sitio web para adaptarlo a las preferencias de los usuarios y mejorar su rendimiento. Cookies en aplicaciones m\u00f3viles<\/p>\n\n\n\n<p>Solo utilizamos Cookies estrictamente necesarias en nuestras aplicaciones m\u00f3viles. Estas Cookies son fundamentales para la funcionalidad de nuestras aplicaciones, por lo que si bloquea o elimina estas Cookies es posible que no pueda utilizar la aplicaci\u00f3n. Estas Cookies no se comparten con ninguna otra aplicaci\u00f3n de su dispositivo m\u00f3vil. Nunca utilizamos las Cookies de la aplicaci\u00f3n m\u00f3vil para almacenar informaci\u00f3n personal sobre usted.<\/p>\n\n\n\n<p>Si tiene preguntas o dudas sobre cualquier informaci\u00f3n contenida en esta Pol\u00edtica de Privacidad, p\u00f3ngase en contacto con nosotros por correo electr\u00f3nico en la direcci\u00f3n . Tambi\u00e9n puede ponerse en contacto con nosotros a trav\u00e9s de nuestro servicio de atenci\u00f3n al cliente en nuestro Sitio.<\/p>","protected":false},"excerpt":{"rendered":"<p>CookiesPlease read our Terms and Conditions and this Policy before accessing or using our Services. If you cannot agree with [&hellip;]<\/p>","protected":false},"author":1,"featured_media":0,"parent":0,"menu_order":0,"comment_status":"closed","ping_status":"closed","template":"","meta":{"site-sidebar-layout":"default","site-content-layout":"","ast-site-content-layout":"default","site-content-style":"default","site-sidebar-style":"default","ast-global-header-display":"","ast-banner-title-visibility":"","ast-main-header-display":"","ast-hfb-above-header-display":"","ast-hfb-below-header-display":"","ast-hfb-mobile-header-display":"","site-post-title":"","ast-breadcrumbs-content":"","ast-featured-img":"","footer-sml-layout":"","theme-transparent-header-meta":"","adv-header-id-meta":"","stick-header-meta":"","header-above-stick-meta":"","header-main-stick-meta":"","header-below-stick-meta":"","astra-migrate-meta-layouts":"default","ast-page-background-enabled":"default","ast-page-background-meta":{"desktop":{"background-color":"var(--ast-global-color-5)","background-image":"","background-repeat":"repeat","background-position":"center center","background-size":"auto","background-attachment":"scroll","background-type":"","background-media":"","overlay-type":"","overlay-color":"","overlay-opacity":"","overlay-gradient":""},"tablet":{"background-color":"","background-image":"","background-repeat":"repeat","background-position":"center center","background-size":"auto","background-attachment":"scroll","background-type":"","background-media":"","overlay-type":"","overlay-color":"","overlay-opacity":"","overlay-gradient":""},"mobile":{"background-color":"","background-image":"","background-repeat":"repeat","background-position":"center center","background-size":"auto","background-attachment":"scroll","background-type":"","background-media":"","overlay-type":"","overlay-color":"","overlay-opacity":"","overlay-gradient":""}},"ast-content-background-meta":{"desktop":{"background-color":"var(--ast-global-color-4)","background-image":"","background-repeat":"repeat","background-position":"center center","background-size":"auto","background-attachment":"scroll","background-type":"","background-media":"","overlay-type":"","overlay-color":"","overlay-opacity":"","overlay-gradient":""},"tablet":{"background-color":"var(--ast-global-color-4)","background-image":"","background-repeat":"repeat","background-position":"center center","background-size":"auto","background-attachment":"scroll","background-type":"","background-media":"","overlay-type":"","overlay-color":"","overlay-opacity":"","overlay-gradient":""},"mobile":{"background-color":"var(--ast-global-color-4)","background-image":"","background-repeat":"repeat","background-position":"center center","background-size":"auto","background-attachment":"scroll","background-type":"","background-media":"","overlay-type":"","overlay-color":"","overlay-opacity":"","overlay-gradient":""}},"footnotes":""},"class_list":["post-1038","page","type-page","status-publish","hentry"],"_links":{"self":[{"href":"https:\/\/china-3pl.com\/es\/wp-json\/wp\/v2\/pages\/1038","targetHints":{"allow":["GET"]}}],"collection":[{"href":"https:\/\/china-3pl.com\/es\/wp-json\/wp\/v2\/pages"}],"about":[{"href":"https:\/\/china-3pl.com\/es\/wp-json\/wp\/v2\/types\/page"}],"author":[{"embeddable":true,"href":"https:\/\/china-3pl.com\/es\/wp-json\/wp\/v2\/users\/1"}],"replies":[{"embeddable":true,"href":"https:\/\/china-3pl.com\/es\/wp-json\/wp\/v2\/comments?post=1038"}],"version-history":[{"count":0,"href":"https:\/\/china-3pl.com\/es\/wp-json\/wp\/v2\/pages\/1038\/revisions"}],"wp:attachment":[{"href":"https:\/\/china-3pl.com\/es\/wp-json\/wp\/v2\/media?parent=1038"}],"curies":[{"name":"wp","href":"https:\/\/api.w.org\/{rel}","templated":true}]}}